{"id":8,"date":"2018-03-23T14:03:03","date_gmt":"2018-03-23T13:03:03","guid":{"rendered":"http:\/\/www.cotesducouchois.com\/?page_id=8"},"modified":"2022-02-09T12:15:08","modified_gmt":"2022-02-09T11:15:08","slug":"accueil","status":"publish","type":"page","link":"https:\/\/www.cotesducouchois.com\/en\/","title":{"rendered":"Home"},"content":{"rendered":"<p>[et_pb_section fb_built=\u00a0\u00bb1&Prime; _builder_version=\u00a0\u00bb4.12.0&Prime; background_image=\u00a0\u00bbhttps:\/\/www.cotesducouchois.com\/wp-content\/uploads\/2019\/05\/raisins.jpg\u00a0\u00bb custom_margin=\u00a0\u00bb-88px||\u00a0\u00bb custom_margin_tablet=\u00a0\u00bb-93px||\u00a0\u00bb custom_margin_phone=\u00a0\u00bb-93px||\u00a0\u00bb custom_margin_last_edited=\u00a0\u00bbon|phone\u00a0\u00bb custom_padding=\u00a0\u00bb150px||150px||false|false\u00a0\u00bb global_colors_info=\u00a0\u00bb{}\u00a0\u00bb][et_pb_row disabled_on=\u00a0\u00bboff|off|off\u00a0\u00bb _builder_version=\u00a0\u00bb4.4.2&Prime; width=\u00a0\u00bb82.5%\u00a0\u00bb global_colors_info=\u00a0\u00bb{}\u00a0\u00bb][et_pb_column type=\u00a0\u00bb4_4&Prime; _builder_version=\u00a0\u00bb3.25&Prime; custom_padding=\u00a0\u00bb|||\u00a0\u00bb global_colors_info=\u00a0\u00bb{}\u00a0\u00bb custom_padding__hover=\u00a0\u00bb|||\u00a0\u00bb][et_pb_image src=\u00a0\u00bbhttps:\/\/www.cotesducouchois.com\/wp-content\/uploads\/2022\/01\/Logo-Blanc.png\u00a0\u00bb title_text=\u00a0\u00bbLogo-Blanc\u00a0\u00bb _builder_version=\u00a0\u00bb4.12.0&Prime; _module_preset=\u00a0\u00bbdefault\u00a0\u00bb global_colors_info=\u00a0\u00bb{}\u00a0\u00bb][\/et_pb_image][\/et_pb_column][\/et_pb_row][\/et_pb_section][et_pb_section fb_built=\u00a0\u00bb1&Prime; custom_padding_last_edited=\u00a0\u00bbon|desktop\u00a0\u00bb admin_label=\u00a0\u00bbFooter\u00a0\u00bb _builder_version=\u00a0\u00bb3.22.7&Prime; background_color=\u00a0\u00bb#f9f9f4&Prime; use_background_color_gradient=\u00a0\u00bbon\u00a0\u00bb background_color_gradient_start=\u00a0\u00bb#ffffff\u00a0\u00bb background_color_gradient_end=\u00a0\u00bb#f9f9f4&Prime; background_color_gradient_type=\u00a0\u00bbradial\u00a0\u00bb background_color_gradient_start_position=\u00a0\u00bb80%\u00a0\u00bb background_size=\u00a0\u00bbcontain\u00a0\u00bb background_position=\u00a0\u00bbtop_center\u00a0\u00bb module_alignment=\u00a0\u00bbcenter\u00a0\u00bb custom_margin=\u00a0\u00bb||\u00a0\u00bb custom_padding=\u00a0\u00bb120px||120px|||\u00a0\u00bb custom_padding_tablet=\u00a0\u00bb1em||\u00a0\u00bb custom_padding_phone=\u00a0\u00bb\u00a0\u00bb saved_tabs=\u00a0\u00bball\u00a0\u00bb locked=\u00a0\u00bboff\u00a0\u00bb global_colors_info=\u00a0\u00bb{}\u00a0\u00bb][et_pb_row column_structure=\u00a0\u00bb1_4,3_4&Prime; disabled_on=\u00a0\u00bboff|off|off\u00a0\u00bb _builder_version=\u00a0\u00bb4.4.2&Prime; width=\u00a0\u00bb95%\u00a0\u00bb width_tablet=\u00a0\u00bb100%\u00a0\u00bb width_phone=\u00a0\u00bb\u00a0\u00bb width_last_edited=\u00a0\u00bbon|tablet\u00a0\u00bb max_width=\u00a0\u00bb100%\u00a0\u00bb module_alignment=\u00a0\u00bbleft\u00a0\u00bb global_colors_info=\u00a0\u00bb{}\u00a0\u00bb][et_pb_column type=\u00a0\u00bb1_4&Prime; _builder_version=\u00a0\u00bb3.25&Prime; custom_padding=\u00a0\u00bb|||\u00a0\u00bb global_colors_info=\u00a0\u00bb{}\u00a0\u00bb custom_padding__hover=\u00a0\u00bb|||\u00a0\u00bb][et_pb_text module_id=\u00a0\u00bbbureau-text-vertical-bourgogne\u00a0\u00bb _builder_version=\u00a0\u00bb4.4.2&Prime; header_font=\u00a0\u00bb||||||||\u00a0\u00bb header_2_font=\u00a0\u00bb||||||||\u00a0\u00bb header_2_font_size=\u00a0\u00bb5em\u00a0\u00bb header_3_font=\u00a0\u00bb||||||||\u00a0\u00bb header_3_font_size=\u00a0\u00bb5em\u00a0\u00bb custom_padding=\u00a0\u00bb|||20px|false|false\u00a0\u00bb header_2_font_size_tablet=\u00a0\u00bb4em\u00a0\u00bb header_2_font_size_phone=\u00a0\u00bb2.5em\u00a0\u00bb header_2_font_size_last_edited=\u00a0\u00bbon|phone\u00a0\u00bb header_3_font_size_tablet=\u00a0\u00bb3em\u00a0\u00bb header_3_font_size_phone=\u00a0\u00bb2em\u00a0\u00bb header_3_font_size_last_edited=\u00a0\u00bbon|tablet\u00a0\u00bb global_colors_info=\u00a0\u00bb{}\u00a0\u00bb]<\/p>\n<h2 style=\"text-align: left;\">Les C\u00f4tes du Couchois<\/h2>\n<p>[\/et_pb_text][\/et_pb_column][et_pb_column type=\u00a0\u00bb3_4&Prime; _builder_version=\u00a0\u00bb3.25&Prime; custom_padding=\u00a0\u00bb|||\u00a0\u00bb global_colors_info=\u00a0\u00bb{}\u00a0\u00bb custom_padding__hover=\u00a0\u00bb|||\u00a0\u00bb][et_pb_image src=\u00a0\u00bbhttps:\/\/www.cotesducouchois.com\/wp-content\/uploads\/2022\/02\/Couchois_-_Saint-Sernin-du-Plain09.webp\u00a0\u00bb alt=\u00a0\u00bbPaysage de Saint Sernin du Plain\u00a0\u00bb title_text=\u00a0\u00bbCouchois_-_Saint-Sernin-du-Plain09&Prime; align_tablet=\u00a0\u00bbcenter\u00a0\u00bb align_phone=\u00a0\u00bb\u00a0\u00bb align_last_edited=\u00a0\u00bbon|desktop\u00a0\u00bb _builder_version=\u00a0\u00bb4.12.0&Prime; hover_enabled=\u00a0\u00bb0&Prime; custom_css_after=\u00a0\u00bbcontent:%22Cr\u00e9dit photo : Michel Joly%22;||display: block;||position:relative;||top:10px;||font-size:10px;\u00a0\u00bb global_colors_info=\u00a0\u00bb{}\u00a0\u00bb sticky_enabled=\u00a0\u00bb0&Prime;][\/et_pb_image][et_pb_text _builder_version=\u00a0\u00bb4.4.2&Prime; text_font=\u00a0\u00bb||||||||\u00a0\u00bb text_text_color=\u00a0\u00bb#5e5e5e\u00a0\u00bb text_font_size=\u00a0\u00bb1em\u00a0\u00bb header_font=\u00a0\u00bb||||||||\u00a0\u00bb header_3_font=\u00a0\u00bb|700|||||||\u00a0\u00bb header_3_font_size=\u00a0\u00bb30px\u00a0\u00bb header_3_line_height=\u00a0\u00bb1.6em\u00a0\u00bb header_4_font=\u00a0\u00bb||||||||\u00a0\u00bb header_4_font_size=\u00a0\u00bb2em\u00a0\u00bb width=\u00a0\u00bb80%\u00a0\u00bb width_tablet=\u00a0\u00bb100%\u00a0\u00bb width_phone=\u00a0\u00bb\u00a0\u00bb width_last_edited=\u00a0\u00bbon|tablet\u00a0\u00bb max_width_tablet=\u00a0\u00bb100%\u00a0\u00bb max_width_last_edited=\u00a0\u00bboff|tablet\u00a0\u00bb module_alignment=\u00a0\u00bbleft\u00a0\u00bb custom_padding=\u00a0\u00bb|25px||25px\u00a0\u00bb global_colors_info=\u00a0\u00bb{}\u00a0\u00bb]<\/p>\n<h4 style=\"text-align: justify;\"><strong>Un sol riche<\/strong><\/h4>\n<p style=\"text-align: justify;\">Avec plus de 3 500 domaines,\u00a0le vin est sans conteste l\u2019ambassadeur le plus c\u00e9l\u00e8bre de la Bourgogne, cette \u00ab Terre d\u2019itin\u00e9rance \u00bb, haut lieu du patrimoine culturel de France. Les terroirs de cette r\u00e9gion historique de plus de 2000 ans, cette myst\u00e9rieuse alchimie entre sol, exposition, relief et climat, exploitent quatre c\u00e9pages, dont deux sont consid\u00e9r\u00e9s comme nobles :\u00a0le Pinot Noir\u00a0et\u00a0le Chardonnay.<\/p>\n<p style=\"text-align: justify;\">Le Pinot Noir\u00a0est un c\u00e9page de grands vins rouges, d\u00e9licats, qui produit un nombre important de grappillons et dont les ar\u00f4mes de jeunesse \u00e9voluent vers une note animale. Le Chardonnay, quant \u00e0 lui, c\u00e9page de grands vins blancs, donne des vins riches, structur\u00e9s, de longue garde, aux ar\u00f4mes floraux et fruit\u00e9s, \u00e9voluant avec l\u2019\u00e2ge vers des ar\u00f4mes de champignon, noisette grill\u00e9e, fruits secs.<\/p>\n<p style=\"text-align: justify;\">L\u2019aire de production des vins du Couchois s\u2019\u00e9tend sur six communes que sont Couches, Dracy-les-Couches, Saint-Maurice-les-Couches, Saint-Sernin du Plain, Saint-Jean de Trezy et Saint-Pierre de Varenne pour une superficie totale d\u2019environ 250 hectares.<\/p>\n<p style=\"text-align: justify;\">Au sud des Maranges et des Hautes-C\u00f4tes de Beaune, le Couchois a vu sa personnalit\u00e9 reconnue au sein de\u00a0l\u2019Appellation d\u2019Origine Contr\u00f4l\u00e9e\u00a0Bourgogne depuis le mill\u00e9sime 2000 qui garantit non seulement l\u2019origine, mais \u00e9galement l\u2019expression d\u2019un lien fort entre le produit et son terroir. Nos vins tirent leur authenticit\u00e9, leur qualit\u00e9 et leur typicit\u00e9 de\u00a0leur origine g\u00e9ographique\u00a0et des m\u00e9thodes de production particuli\u00e8res \u00e0 chacun des vignerons du Couchois.<\/p>\n<p style=\"text-align: justify;\">En Bourgogne, la notion de terroir r\u00e9unit \u00e0 la fois des facteurs naturels comme la nature du sol et les conditions climatiques et des facteurs humains, le r\u00f4le de l\u2019homme \u00e9tant d\u00e9terminant dans la production du vin. Plus particuli\u00e8rement,\u00a0le Bourgogne C\u00f4tes du Couchois\u00a0est un vin de couleur rubis, l\u00e9g\u00e8rement violac\u00e9. Son bouquet sugg\u00e8re les petits fruits rouges et noirs, puis il s\u2019ouvre sur le sous-bois. Gourmand, un peu rugueux dans sa jeunesse et lib\u00e9r\u00e9 \u00e0 2 ou 3 ans, ce vin se montre d\u2019excellente tenue et persistant.<\/p>\n<p>&nbsp;<\/p>\n<p>&nbsp;<\/p>\n<p>[\/et_pb_text][\/et_pb_column][\/et_pb_row][\/et_pb_section][et_pb_section fb_built=\u00a0\u00bb1&Prime; custom_padding_last_edited=\u00a0\u00bbon|phone\u00a0\u00bb _builder_version=\u00a0\u00bb3.22.7&Prime; custom_padding=\u00a0\u00bb||120px|||\u00a0\u00bb custom_padding_tablet=\u00a0\u00bb0px||\u00a0\u00bb custom_padding_phone=\u00a0\u00bb||0px\u00a0\u00bb global_colors_info=\u00a0\u00bb{}\u00a0\u00bb][et_pb_row column_structure=\u00a0\u00bb2_5,3_5&Prime; use_custom_gutter=\u00a0\u00bbon\u00a0\u00bb gutter_width=\u00a0\u00bb1&Prime; make_equal=\u00a0\u00bbon\u00a0\u00bb _builder_version=\u00a0\u00bb3.25&Prime; background_size=\u00a0\u00bbinitial\u00a0\u00bb background_position=\u00a0\u00bbcenter_left\u00a0\u00bb width=\u00a0\u00bb100%\u00a0\u00bb max_width=\u00a0\u00bb1280px\u00a0\u00bb module_alignment=\u00a0\u00bbcenter\u00a0\u00bb height_last_edited=\u00a0\u00bboff|tablet\u00a0\u00bb custom_padding=\u00a0\u00bb0px||0px|||\u00a0\u00bb global_colors_info=\u00a0\u00bb{}\u00a0\u00bb][et_pb_column type=\u00a0\u00bb2_5&Prime; _builder_version=\u00a0\u00bb3.25&Prime; background_image=\u00a0\u00bbhttps:\/\/www.cotesducouchois.com\/wp-content\/uploads\/2019\/05\/Capture-d\u2019e\u0301cran-2019-05-11-a\u0300-11.58.43.jpg\u00a0\u00bb custom_padding=\u00a0\u00bb|||\u00a0\u00bb global_colors_info=\u00a0\u00bb{}\u00a0\u00bb custom_padding__hover=\u00a0\u00bb|||\u00a0\u00bb][et_pb_code _builder_version=\u00a0\u00bb3.22.7&Prime; min_height_tablet=\u00a0\u00bb50vh\u00a0\u00bb min_height_phone=\u00a0\u00bb50vh\u00a0\u00bb min_height_last_edited=\u00a0\u00bbon|desktop\u00a0\u00bb global_colors_info=\u00a0\u00bb{}\u00a0\u00bb][\/et_pb_code][\/et_pb_column][et_pb_column type=\u00a0\u00bb3_5&Prime; _builder_version=\u00a0\u00bb3.25&Prime; background_color=\u00a0\u00bb#000000&Prime; custom_padding=\u00a0\u00bb10vh|5vw|10vh|5vw\u00a0\u00bb global_colors_info=\u00a0\u00bb{}\u00a0\u00bb custom_padding__hover=\u00a0\u00bb|||\u00a0\u00bb][et_pb_text _builder_version=\u00a0\u00bb4.4.2&Prime; text_font=\u00a0\u00bb||||||||\u00a0\u00bb text_text_color=\u00a0\u00bb#ffffff\u00a0\u00bb text_font_size=\u00a0\u00bb1em\u00a0\u00bb link_font=\u00a0\u00bb||||||||\u00a0\u00bb link_font_size=\u00a0\u00bb1.2em\u00a0\u00bb header_font=\u00a0\u00bb||||||||\u00a0\u00bb header_3_font=\u00a0\u00bbRaleway||||||||\u00a0\u00bb header_3_text_color=\u00a0\u00bb#ffffff\u00a0\u00bb header_3_font_size=\u00a0\u00bb2em\u00a0\u00bb module_alignment=\u00a0\u00bbcenter\u00a0\u00bb global_colors_info=\u00a0\u00bb{}\u00a0\u00bb]<\/p>\n<h3>Un vin hors du commun<\/h3>\n<p>&nbsp;<\/p>\n<p style=\"text-align: justify;\">C\u2019est de ce sol multicolore \u2013 versicolore, du nom des argiles qui le composent \u2013 que nos vins tiennent tout leur caract\u00e8re et leur diff\u00e9rence, depuis l\u2019Antiquit\u00e9.<\/p>\n<p style=\"text-align: justify;\">Notre terroir singulier est longtemps rest\u00e9 dans l\u2019ombre de ses voisins, parmi lesquels figurent certaines des plus belles appellations de Bourgogne \u2013 des Maranges, Mercurey ou Meursault, aux Santenay, Givry et autres Chassagnes. Mais en 2000, nous avons fait un pas dans la lumi\u00e8re en obtenant une premi\u00e8re AOC pour nos Pinots Noirs, fruit d\u2019une longue lutte pour la reconnaissance de leur typicit\u00e9. Avec une poign\u00e9e de vignerons et n\u00e9gociants passionn\u00e9s, nous nous sommes ensuite r\u00e9unis au sein de l\u2019Union des producteurs et n\u00e9gociants de l\u2019AOC C\u00f4tes du Couchois (UPNCC), bien d\u00e9cid\u00e9s \u00e0 faire conna\u00eetre ce tr\u00e9sor cach\u00e9 par-del\u00e0 nos collines et \u00e0 d\u00e9crocher une deuxi\u00e8me AOC, pour nos blancs cette fois.<\/p>\n<p style=\"text-align: justify;\">Si nous persistons \u00e0 mener ce combat \u00e0 bout de bras, c\u2019est que nous sommes convaincus que les vins des C\u00f4tes du Couchois ont tout pour plaire ! Discrets au d\u00e9part, mais pas snobs pour un sou, nos rouges et nos blancs se r\u00e9v\u00e8lent au bout de quelques secondes dans toute leur personnalit\u00e9 fruit\u00e9e et florale, d\u00e9licate et g\u00e9n\u00e9reuse \u00e0 la fois. De surprenantes valeurs s\u00fbres, au rapport qualit\u00e9-prix imbattable.<\/p>\n<p style=\"text-align: justify;\">Aujourd\u2019hui, notre terroir mill\u00e9naire expose toutes ses couleurs et se fait partageur : du rouge au blanc, nos vins n\u2019attendent plus que vous !<\/p>\n<p>[\/et_pb_text][et_pb_button button_url=\u00a0\u00bb@ET-DC@eyJkeW5hbWljIjp0cnVlLCJjb250ZW50IjoicG9zdF9saW5rX3VybF9wYWdlIiwic2V0dGluZ3MiOnsicG9zdF9pZCI6IjEzIn19@\u00a0\u00bb button_text=\u00a0\u00bbD\u00c9COUVRIR\u00a0\u00bb button_alignment=\u00a0\u00bbcenter\u00a0\u00bb _builder_version=\u00a0\u00bb4.4.2&Prime; _dynamic_attributes=\u00a0\u00bbbutton_url\u00a0\u00bb custom_button=\u00a0\u00bbon\u00a0\u00bb button_text_size=\u00a0\u00bb1.2em\u00a0\u00bb button_border_width=\u00a0\u00bb0px\u00a0\u00bb button_font=\u00a0\u00bb||||||||\u00a0\u00bb button_use_icon=\u00a0\u00bboff\u00a0\u00bb background_layout=\u00a0\u00bbdark\u00a0\u00bb custom_margin=\u00a0\u00bb40px||\u00a0\u00bb custom_padding=\u00a0\u00bb||\u00a0\u00bb global_colors_info=\u00a0\u00bb{}\u00a0\u00bb][\/et_pb_button][\/et_pb_column][\/et_pb_row][\/et_pb_section]<\/p>\n","protected":false},"excerpt":{"rendered":"<p>Les C\u00f4tes du CouchoisUn sol riche Avec plus de 3 500 domaines,\u00a0le vin est sans conteste l\u2019ambassadeur le plus c\u00e9l\u00e8bre de la Bourgogne, cette \u00ab Terre d\u2019itin\u00e9rance \u00bb, haut lieu du patrimoine culturel de France. Les terroirs de cette r\u00e9gion historique de plus de 2000 ans, cette myst\u00e9rieuse alchimie entre sol, exposition, relief et climat, [&hellip;]<\/p>\n","protected":false},"author":1,"featured_media":0,"parent":0,"menu_order":0,"comment_status":"closed","ping_status":"closed","template":"","meta":{"_et_pb_use_builder":"on","_et_pb_old_content":"","_et_gb_content_width":"","footnotes":""},"class_list":["post-8","page","type-page","status-publish","hentry"],"yoast_head":"<!-- This site is optimized with the Yoast SEO plugin v27.6 - https:\/\/yoast.com\/product\/yoast-seo-wordpress\/ -->\n<title>C\u00f4tes du Couchois | Vins de Bourgogne - Producteurs et N\u00e9gociants<\/title>\n<meta name=\"description\" content=\"D\u00e9couvez les Vins de Bourgogne des C\u00f4tes du Couchois, o\u00f9 les producteurs s&#039;allient pour vous offrir le meilleur de leur r\u00e9gion.\" \/>\n<meta name=\"robots\" content=\"index, follow, max-snippet:-1, max-image-preview:large, max-video-preview:-1\" \/>\n<link rel=\"canonical\" href=\"https:\/\/www.cotesducouchois.com\/en\/\" \/>\n<meta property=\"og:locale\" content=\"en_GB\" \/>\n<meta property=\"og:type\" content=\"article\" \/>\n<meta property=\"og:title\" content=\"C\u00f4tes du Couchois | Vins de Bourgogne - Producteurs et N\u00e9gociants\" \/>\n<meta property=\"og:description\" content=\"D\u00e9couvez les Vins de Bourgogne des C\u00f4tes du Couchois, o\u00f9 les producteurs s&#039;allient pour vous offrir le meilleur de leur r\u00e9gion.\" \/>\n<meta property=\"og:url\" content=\"https:\/\/www.cotesducouchois.com\/en\/\" \/>\n<meta property=\"og:site_name\" content=\"C\u00f4tes du Couchois\" \/>\n<meta property=\"article:modified_time\" content=\"2022-02-09T11:15:08+00:00\" \/>\n<meta name=\"twitter:card\" content=\"summary_large_image\" \/>\n<meta name=\"twitter:label1\" content=\"Estimated reading time\" \/>\n\t<meta name=\"twitter:data1\" content=\"7 minutes\" \/>\n<script type=\"application\/ld+json\" class=\"yoast-schema-graph\">{\"@context\":\"https:\\\/\\\/schema.org\",\"@graph\":[{\"@type\":\"WebPage\",\"@id\":\"https:\\\/\\\/www.cotesducouchois.com\\\/\",\"url\":\"https:\\\/\\\/www.cotesducouchois.com\\\/\",\"name\":\"C\u00f4tes du Couchois | Vins de Bourgogne - Producteurs et N\u00e9gociants\",\"isPartOf\":{\"@id\":\"https:\\\/\\\/www.cotesducouchois.com\\\/#website\"},\"datePublished\":\"2018-03-23T13:03:03+00:00\",\"dateModified\":\"2022-02-09T11:15:08+00:00\",\"description\":\"D\u00e9couvez les Vins de Bourgogne des C\u00f4tes du Couchois, o\u00f9 les producteurs s'allient pour vous offrir le meilleur de leur r\u00e9gion.\",\"breadcrumb\":{\"@id\":\"https:\\\/\\\/www.cotesducouchois.com\\\/#breadcrumb\"},\"inLanguage\":\"en-GB\",\"potentialAction\":[{\"@type\":\"ReadAction\",\"target\":[\"https:\\\/\\\/www.cotesducouchois.com\\\/\"]}]},{\"@type\":\"BreadcrumbList\",\"@id\":\"https:\\\/\\\/www.cotesducouchois.com\\\/#breadcrumb\",\"itemListElement\":[{\"@type\":\"ListItem\",\"position\":1,\"name\":\"Accueil\",\"item\":\"https:\\\/\\\/www.cotesducouchois.com\\\/\"},{\"@type\":\"ListItem\",\"position\":2,\"name\":\"Accueil\"}]},{\"@type\":\"WebSite\",\"@id\":\"https:\\\/\\\/www.cotesducouchois.com\\\/#website\",\"url\":\"https:\\\/\\\/www.cotesducouchois.com\\\/\",\"name\":\"C\u00f4tes du Couchois\",\"description\":\"Union des producteurs et n\u00e9gociants de l&#039;AOC C\u00f4tes du Couchois\",\"potentialAction\":[{\"@type\":\"SearchAction\",\"target\":{\"@type\":\"EntryPoint\",\"urlTemplate\":\"https:\\\/\\\/www.cotesducouchois.com\\\/?s={search_term_string}\"},\"query-input\":{\"@type\":\"PropertyValueSpecification\",\"valueRequired\":true,\"valueName\":\"search_term_string\"}}],\"inLanguage\":\"en-GB\"}]}<\/script>\n<!-- \/ Yoast SEO plugin. -->","yoast_head_json":{"title":"C\u00f4tes du Couchois | Wines of Burgundy - Winegrowers and Traders","description":"D\u00e9couvez les Vins de Bourgogne des C\u00f4tes du Couchois, o\u00f9 les producteurs s'allient pour vous offrir le meilleur de leur r\u00e9gion.","robots":{"index":"index","follow":"follow","max-snippet":"max-snippet:-1","max-image-preview":"max-image-preview:large","max-video-preview":"max-video-preview:-1"},"canonical":"https:\/\/www.cotesducouchois.com\/en\/","og_locale":"en_GB","og_type":"article","og_title":"C\u00f4tes du Couchois | Vins de Bourgogne - Producteurs et N\u00e9gociants","og_description":"D\u00e9couvez les Vins de Bourgogne des C\u00f4tes du Couchois, o\u00f9 les producteurs s'allient pour vous offrir le meilleur de leur r\u00e9gion.","og_url":"https:\/\/www.cotesducouchois.com\/en\/","og_site_name":"C\u00f4tes du Couchois","article_modified_time":"2022-02-09T11:15:08+00:00","twitter_card":"summary_large_image","twitter_misc":{"Estimated reading time":"7 minutes"},"schema":{"@context":"https:\/\/schema.org","@graph":[{"@type":"WebPage","@id":"https:\/\/www.cotesducouchois.com\/","url":"https:\/\/www.cotesducouchois.com\/","name":"C\u00f4tes du Couchois | Wines of Burgundy - Winegrowers and Traders","isPartOf":{"@id":"https:\/\/www.cotesducouchois.com\/#website"},"datePublished":"2018-03-23T13:03:03+00:00","dateModified":"2022-02-09T11:15:08+00:00","description":"D\u00e9couvez les Vins de Bourgogne des C\u00f4tes du Couchois, o\u00f9 les producteurs s'allient pour vous offrir le meilleur de leur r\u00e9gion.","breadcrumb":{"@id":"https:\/\/www.cotesducouchois.com\/#breadcrumb"},"inLanguage":"en-GB","potentialAction":[{"@type":"ReadAction","target":["https:\/\/www.cotesducouchois.com\/"]}]},{"@type":"BreadcrumbList","@id":"https:\/\/www.cotesducouchois.com\/#breadcrumb","itemListElement":[{"@type":"ListItem","position":1,"name":"Accueil","item":"https:\/\/www.cotesducouchois.com\/"},{"@type":"ListItem","position":2,"name":"Accueil"}]},{"@type":"WebSite","@id":"https:\/\/www.cotesducouchois.com\/#website","url":"https:\/\/www.cotesducouchois.com\/","name":"C\u00f4tes du Couchois","description":"Union des producteurs et n\u00e9gociants de l&#039;AOC C\u00f4tes du Couchois","potentialAction":[{"@type":"SearchAction","target":{"@type":"EntryPoint","urlTemplate":"https:\/\/www.cotesducouchois.com\/?s={search_term_string}"},"query-input":{"@type":"PropertyValueSpecification","valueRequired":true,"valueName":"search_term_string"}}],"inLanguage":"en-GB"}]}},"_links":{"self":[{"href":"https:\/\/www.cotesducouchois.com\/en\/wp-json\/wp\/v2\/pages\/8","targetHints":{"allow":["GET"]}}],"collection":[{"href":"https:\/\/www.cotesducouchois.com\/en\/wp-json\/wp\/v2\/pages"}],"about":[{"href":"https:\/\/www.cotesducouchois.com\/en\/wp-json\/wp\/v2\/types\/page"}],"author":[{"embeddable":true,"href":"https:\/\/www.cotesducouchois.com\/en\/wp-json\/wp\/v2\/users\/1"}],"replies":[{"embeddable":true,"href":"https:\/\/www.cotesducouchois.com\/en\/wp-json\/wp\/v2\/comments?post=8"}],"version-history":[{"count":127,"href":"https:\/\/www.cotesducouchois.com\/en\/wp-json\/wp\/v2\/pages\/8\/revisions"}],"predecessor-version":[{"id":2132,"href":"https:\/\/www.cotesducouchois.com\/en\/wp-json\/wp\/v2\/pages\/8\/revisions\/2132"}],"wp:attachment":[{"href":"https:\/\/www.cotesducouchois.com\/en\/wp-json\/wp\/v2\/media?parent=8"}],"curies":[{"name":"wp","href":"https:\/\/api.w.org\/{rel}","templated":true}]}}