{"id":170,"date":"2018-05-22T15:58:09","date_gmt":"2018-05-22T13:58:09","guid":{"rendered":"https:\/\/www.cotesducouchois.com\/?page_id=170"},"modified":"2020-04-29T10:13:19","modified_gmt":"2020-04-29T08:13:19","slug":"politique-de-confidentialite","status":"publish","type":"page","link":"https:\/\/www.cotesducouchois.com\/en\/privacy-policy\/","title":{"rendered":"Privacy Policy"},"content":{"rendered":"<p>[et_pb_section fb_built=\u00a0\u00bb1&Prime; admin_label=\u00a0\u00bbsection\u00a0\u00bb _builder_version=\u00a0\u00bb3.22&Prime;][et_pb_row admin_label=\u00a0\u00bbrow\u00a0\u00bb _builder_version=\u00a0\u00bb3.25&Prime; background_size=\u00a0\u00bbinitial\u00a0\u00bb background_position=\u00a0\u00bbtop_left\u00a0\u00bb background_repeat=\u00a0\u00bbrepeat\u00a0\u00bb][et_pb_column type=\u00a0\u00bb4_4&Prime; _builder_version=\u00a0\u00bb3.25&Prime; custom_padding=\u00a0\u00bb|||\u00a0\u00bb custom_padding__hover=\u00a0\u00bb|||\u00a0\u00bb][et_pb_text admin_label=\u00a0\u00bbText\u00a0\u00bb _builder_version=\u00a0\u00bb4.4.4&Prime; background_size=\u00a0\u00bbinitial\u00a0\u00bb background_position=\u00a0\u00bbtop_left\u00a0\u00bb background_repeat=\u00a0\u00bbrepeat\u00a0\u00bb hover_enabled=\u00a0\u00bb0&Prime;]<\/p>\n<h2>Qui sommes-nous\u00a0?<\/h2>\n<p>L\u2019adresse de notre site Web est\u00a0: https:\/\/www.cotesducouchois.com.<\/p>\n<h2>Utilisation des donn\u00e9es personnelles collect\u00e9es<\/h2>\n<h3>Formulaires de contact<\/h3>\n<p>De mani\u00e8re \u00e0 pouvoir nous contacter via notre formulaire de contact, et \u00e0 \u00e9quivalence avec une boite mail classique, notre serveur de messagerie enregistre votre adresse email et le message que vous souhaitez nous faire parvenir.<\/p>\n<h3>Cookies<\/h3>\n<p>Pour son fonctionnement et son apparence, ce site est susceptible d\u2019enregistrer sur votre ordinateur certaines informations dans des Cookies informatique. Ces informations concernent le site internet et non pas l\u2019utilisateur.<\/p>\n<h3>Contenu embarqu\u00e9 depuis d\u2019autres sites<\/h3>\n<p>Les articles de ce site peuvent inclure des contenus int\u00e9gr\u00e9s (par exemple des vid\u00e9os, images, articles\u2026). Le contenu int\u00e9gr\u00e9 depuis d\u2019autres sites se comporte de la m\u00eame mani\u00e8re que si le visiteur se rendait sur cet autre site.<\/p>\n<p>Ces sites web pourraient collecter des donn\u00e9es sur vous, utiliser des cookies, embarquer des outils de suivis tiers, suivre vos interactions avec ces contenus embarqu\u00e9s si vous disposez d\u2019un compte connect\u00e9 sur leur site web.<\/p>\n<h3>Statistiques et mesures d\u2019audience<\/h3>\n<p>Ce site utilise la suite Google Analytics pour pouvoir obtenir des statistiques par rapport \u00e0 la fr\u00e9quentation du site.<\/p>\n<p>Les informations collect\u00e9es ne permettent <span>pas l\u2019identification de l\u2019utilisateur, mais enregistre des informations relatives \u00e0 la navigation d\u2019un ordinateur sur un site. Les donn\u00e9es ainsi obtenues visent \u00e0 faciliter la navigation ult\u00e9rieure sur le site, et ont \u00e9galement vocation \u00e0 permettre diverses mesures de fr\u00e9quentation.<\/span><\/p>\n<p>Plus d\u2019information sur Google Analytics.<\/p>\n<h2>Utilisation et transmission de vos donn\u00e9es personnelles<\/h2>\n<h2>Dur\u00e9es de stockage de vos donn\u00e9es<\/h2>\n<p>Ce site ne stocke pas de donn\u00e9es utilisateurs.<\/p>\n<h2>Les droits que vous avez sur vos donn\u00e9es<\/h2>\n<p>Si vous avez un compte ou si vous avez laiss\u00e9 des commentaires sur le site, vous pouvez demander \u00e0 recevoir un fichier contenant toutes les donn\u00e9es personnelles que nous poss\u00e9dons \u00e0 votre sujet, incluant celles que vous nous avez fournies. Vous pouvez \u00e9galement demander la suppression des donn\u00e9es personnelles vous concernant. Cela ne prend pas en compte les donn\u00e9es stock\u00e9es \u00e0 des fins administratives, l\u00e9gales ou pour des raisons de s\u00e9curit\u00e9.<\/p>\n<h2>Transmission de vos donn\u00e9es personnelles<\/h2>\n<p>Le site ne permet pas aux utilisateurs de d\u00e9poser leurs donn\u00e9es, aucun traitement compl\u00e9mentaire n\u2019est effectu\u00e9.<\/p>\n<div class=\"policy-text hide-privacy-policy-tutorial\"><\/div>\n<h2>Contact<\/h2>\n<p>Vous pourrez contacter l&rsquo;UPNCC au travers de son formulaire de contact ou par t\u00e9l\u00e9phone, les informations sont disponibles sur la page de contact.<\/p>\n<p>[\/et_pb_text][\/et_pb_column][\/et_pb_row][\/et_pb_section]<\/p>\n","protected":false},"excerpt":{"rendered":"<p>Qui sommes-nous\u00a0? L\u2019adresse de notre site Web est\u00a0: https:\/\/www.cotesducouchois.com. Utilisation des donn\u00e9es personnelles collect\u00e9es Formulaires de contact De mani\u00e8re \u00e0 pouvoir nous contacter via notre formulaire de contact, et \u00e0 \u00e9quivalence avec une boite mail classique, notre serveur de messagerie enregistre votre adresse email et le message que vous souhaitez nous faire parvenir. Cookies Pour [&hellip;]<\/p>\n","protected":false},"author":1,"featured_media":0,"parent":0,"menu_order":0,"comment_status":"closed","ping_status":"closed","template":"","meta":{"_et_pb_use_builder":"on","_et_pb_old_content":"<h2>Qui sommes-nous\u00a0?<\/h2>\r\nL\u2019adresse de notre site Web est\u00a0: https:\/\/www.cotesducouchois.com.\r\n<h2>Utilisation des donn\u00e9es personnelles collect\u00e9es<\/h2>\r\n<h3>Formulaires de contact<\/h3>\r\nDe mani\u00e8re \u00e0 pouvoir nous contacter via notre formulaire de contact, et \u00e0 \u00e9quivalence avec une boite mail classique, notre serveur de messagerie enregistre votre adresse email et le message que vous souhaitez nous faire parvenir.\r\n<h3>Cookies<\/h3>\r\nLe site ne n\u00e9cessite pas de connexion de la part de l\u2019utilisateur, les cookies ne sont pas exploit\u00e9s sur ce site.\r\n<h3>Contenu embarqu\u00e9 depuis d\u2019autres sites<\/h3>\r\nLes articles de ce site peuvent inclure des contenus int\u00e9gr\u00e9s (par exemple des vid\u00e9os, images, articles\u2026). Le contenu int\u00e9gr\u00e9 depuis d\u2019autres sites se comporte de la m\u00eame mani\u00e8re que si le visiteur se rendait sur cet autre site.\r\n\r\nCes sites web pourraient collecter des donn\u00e9es sur vous, utiliser des cookies, embarquer des outils de suivis tiers, suivre vos interactions avec ces contenus embarqu\u00e9s si vous disposez d\u2019un compte connect\u00e9 sur leur site web.\r\n<h3>Statistiques et mesures d\u2019audience<\/h3>\r\nCe site utilise la suite Google Analytics pour pouvoir obtenir des statistiques par rapport \u00e0 la fr\u00e9quentation du site.\r\n\r\nPlus d\u2019information sur Google Analytics.\r\n<h2>Utilisation et transmission de vos donn\u00e9es personnelles<\/h2>\r\n<h2>Dur\u00e9es de stockage de vos donn\u00e9es<\/h2>\r\nCe site ne stocke pas de donn\u00e9es utilisateurs.\r\n<h2>Les droits que vous avez sur vos donn\u00e9es<\/h2>\r\nSi vous avez un compte ou si vous avez laiss\u00e9 des commentaires sur le site, vous pouvez demander \u00e0 recevoir un fichier contenant toutes les donn\u00e9es personnelles que nous poss\u00e9dons \u00e0 votre sujet, incluant celles que vous nous avez fournies. Vous pouvez \u00e9galement demander la suppression des donn\u00e9es personnelles vous concernant. Cela ne prend pas en compte les donn\u00e9es stock\u00e9es \u00e0 des fins administratives, l\u00e9gales ou pour des raisons de s\u00e9curit\u00e9.\r\n<h2>Transmission de vos donn\u00e9es personnelles<\/h2>\r\nLe site ne permet pas aux utilisateurs de d\u00e9poser leurs donn\u00e9es, aucun traitement compl\u00e9mentaire n\u2019est effectu\u00e9.","_et_gb_content_width":"","footnotes":""},"class_list":["post-170","page","type-page","status-publish","hentry"],"yoast_head":"<!-- This site is optimized with the Yoast SEO plugin v27.5 - https:\/\/yoast.com\/product\/yoast-seo-wordpress\/ -->\n<title>Politique de confidentialit\u00e9 - C\u00f4tes du Couchois<\/title>\n<meta name=\"robots\" content=\"index, follow, max-snippet:-1, max-image-preview:large, max-video-preview:-1\" \/>\n<link rel=\"canonical\" href=\"https:\/\/www.cotesducouchois.com\/en\/politique-de-confidentialite\/\" \/>\n<meta property=\"og:locale\" content=\"en_GB\" \/>\n<meta property=\"og:type\" content=\"article\" \/>\n<meta property=\"og:title\" content=\"Politique de confidentialit\u00e9 - C\u00f4tes du Couchois\" \/>\n<meta property=\"og:description\" content=\"Qui sommes-nous\u00a0? L\u2019adresse de notre site Web est\u00a0: https:\/\/www.cotesducouchois.com. Utilisation des donn\u00e9es personnelles collect\u00e9es Formulaires de contact De mani\u00e8re \u00e0 pouvoir nous contacter via notre formulaire de contact, et \u00e0 \u00e9quivalence avec une boite mail classique, notre serveur de messagerie enregistre votre adresse email et le message que vous souhaitez nous faire parvenir. Cookies Pour [&hellip;]\" \/>\n<meta property=\"og:url\" content=\"https:\/\/www.cotesducouchois.com\/en\/politique-de-confidentialite\/\" \/>\n<meta property=\"og:site_name\" content=\"C\u00f4tes du Couchois\" \/>\n<meta property=\"article:modified_time\" content=\"2020-04-29T08:13:19+00:00\" \/>\n<meta name=\"twitter:card\" content=\"summary_large_image\" \/>\n<meta name=\"twitter:label1\" content=\"Estimated reading time\" \/>\n\t<meta name=\"twitter:data1\" content=\"2 minutes\" \/>\n<script type=\"application\/ld+json\" class=\"yoast-schema-graph\">{\"@context\":\"https:\\\/\\\/schema.org\",\"@graph\":[{\"@type\":\"WebPage\",\"@id\":\"https:\\\/\\\/www.cotesducouchois.com\\\/politique-de-confidentialite\\\/\",\"url\":\"https:\\\/\\\/www.cotesducouchois.com\\\/politique-de-confidentialite\\\/\",\"name\":\"Politique de confidentialit\u00e9 - C\u00f4tes du Couchois\",\"isPartOf\":{\"@id\":\"https:\\\/\\\/www.cotesducouchois.com\\\/#website\"},\"datePublished\":\"2018-05-22T13:58:09+00:00\",\"dateModified\":\"2020-04-29T08:13:19+00:00\",\"breadcrumb\":{\"@id\":\"https:\\\/\\\/www.cotesducouchois.com\\\/politique-de-confidentialite\\\/#breadcrumb\"},\"inLanguage\":\"en-GB\",\"potentialAction\":[{\"@type\":\"ReadAction\",\"target\":[\"https:\\\/\\\/www.cotesducouchois.com\\\/politique-de-confidentialite\\\/\"]}]},{\"@type\":\"BreadcrumbList\",\"@id\":\"https:\\\/\\\/www.cotesducouchois.com\\\/politique-de-confidentialite\\\/#breadcrumb\",\"itemListElement\":[{\"@type\":\"ListItem\",\"position\":1,\"name\":\"Accueil\",\"item\":\"https:\\\/\\\/www.cotesducouchois.com\\\/\"},{\"@type\":\"ListItem\",\"position\":2,\"name\":\"Politique de confidentialit\u00e9\"}]},{\"@type\":\"WebSite\",\"@id\":\"https:\\\/\\\/www.cotesducouchois.com\\\/#website\",\"url\":\"https:\\\/\\\/www.cotesducouchois.com\\\/\",\"name\":\"C\u00f4tes du Couchois\",\"description\":\"Union des producteurs et n\u00e9gociants de l&#039;AOC C\u00f4tes du Couchois\",\"potentialAction\":[{\"@type\":\"SearchAction\",\"target\":{\"@type\":\"EntryPoint\",\"urlTemplate\":\"https:\\\/\\\/www.cotesducouchois.com\\\/?s={search_term_string}\"},\"query-input\":{\"@type\":\"PropertyValueSpecification\",\"valueRequired\":true,\"valueName\":\"search_term_string\"}}],\"inLanguage\":\"en-GB\"}]}<\/script>\n<!-- \/ Yoast SEO plugin. -->","yoast_head_json":{"title":"Privacy Policy - C\u00f4tes du Couchois","robots":{"index":"index","follow":"follow","max-snippet":"max-snippet:-1","max-image-preview":"max-image-preview:large","max-video-preview":"max-video-preview:-1"},"canonical":"https:\/\/www.cotesducouchois.com\/en\/politique-de-confidentialite\/","og_locale":"en_GB","og_type":"article","og_title":"Politique de confidentialit\u00e9 - C\u00f4tes du Couchois","og_description":"Qui sommes-nous\u00a0? L\u2019adresse de notre site Web est\u00a0: https:\/\/www.cotesducouchois.com. Utilisation des donn\u00e9es personnelles collect\u00e9es Formulaires de contact De mani\u00e8re \u00e0 pouvoir nous contacter via notre formulaire de contact, et \u00e0 \u00e9quivalence avec une boite mail classique, notre serveur de messagerie enregistre votre adresse email et le message que vous souhaitez nous faire parvenir. Cookies Pour [&hellip;]","og_url":"https:\/\/www.cotesducouchois.com\/en\/politique-de-confidentialite\/","og_site_name":"C\u00f4tes du Couchois","article_modified_time":"2020-04-29T08:13:19+00:00","twitter_card":"summary_large_image","twitter_misc":{"Estimated reading time":"2 minutes"},"schema":{"@context":"https:\/\/schema.org","@graph":[{"@type":"WebPage","@id":"https:\/\/www.cotesducouchois.com\/politique-de-confidentialite\/","url":"https:\/\/www.cotesducouchois.com\/politique-de-confidentialite\/","name":"Privacy Policy - C\u00f4tes du Couchois","isPartOf":{"@id":"https:\/\/www.cotesducouchois.com\/#website"},"datePublished":"2018-05-22T13:58:09+00:00","dateModified":"2020-04-29T08:13:19+00:00","breadcrumb":{"@id":"https:\/\/www.cotesducouchois.com\/politique-de-confidentialite\/#breadcrumb"},"inLanguage":"en-GB","potentialAction":[{"@type":"ReadAction","target":["https:\/\/www.cotesducouchois.com\/politique-de-confidentialite\/"]}]},{"@type":"BreadcrumbList","@id":"https:\/\/www.cotesducouchois.com\/politique-de-confidentialite\/#breadcrumb","itemListElement":[{"@type":"ListItem","position":1,"name":"Accueil","item":"https:\/\/www.cotesducouchois.com\/"},{"@type":"ListItem","position":2,"name":"Politique de confidentialit\u00e9"}]},{"@type":"WebSite","@id":"https:\/\/www.cotesducouchois.com\/#website","url":"https:\/\/www.cotesducouchois.com\/","name":"C\u00f4tes du Couchois","description":"Union des producteurs et n\u00e9gociants de l&#039;AOC C\u00f4tes du Couchois","potentialAction":[{"@type":"SearchAction","target":{"@type":"EntryPoint","urlTemplate":"https:\/\/www.cotesducouchois.com\/?s={search_term_string}"},"query-input":{"@type":"PropertyValueSpecification","valueRequired":true,"valueName":"search_term_string"}}],"inLanguage":"en-GB"}]}},"_links":{"self":[{"href":"https:\/\/www.cotesducouchois.com\/en\/wp-json\/wp\/v2\/pages\/170","targetHints":{"allow":["GET"]}}],"collection":[{"href":"https:\/\/www.cotesducouchois.com\/en\/wp-json\/wp\/v2\/pages"}],"about":[{"href":"https:\/\/www.cotesducouchois.com\/en\/wp-json\/wp\/v2\/types\/page"}],"author":[{"embeddable":true,"href":"https:\/\/www.cotesducouchois.com\/en\/wp-json\/wp\/v2\/users\/1"}],"replies":[{"embeddable":true,"href":"https:\/\/www.cotesducouchois.com\/en\/wp-json\/wp\/v2\/comments?post=170"}],"version-history":[{"count":5,"href":"https:\/\/www.cotesducouchois.com\/en\/wp-json\/wp\/v2\/pages\/170\/revisions"}],"predecessor-version":[{"id":1600,"href":"https:\/\/www.cotesducouchois.com\/en\/wp-json\/wp\/v2\/pages\/170\/revisions\/1600"}],"wp:attachment":[{"href":"https:\/\/www.cotesducouchois.com\/en\/wp-json\/wp\/v2\/media?parent=170"}],"curies":[{"name":"wp","href":"https:\/\/api.w.org\/{rel}","templated":true}]}}