{"id":1693,"date":"2020-12-21T13:26:42","date_gmt":"2020-12-21T12:26:42","guid":{"rendered":"https:\/\/www.cotesducouchois.com\/?page_id=1693"},"modified":"2021-07-13T09:36:50","modified_gmt":"2021-07-13T07:36:50","slug":"presse","status":"publish","type":"page","link":"https:\/\/www.cotesducouchois.com\/en\/presse\/","title":{"rendered":"Presse"},"content":{"rendered":"<p>[et_pb_section fb_built=\u00a0\u00bb1&Prime; _builder_version=\u00a0\u00bb3.22.7&Prime; module_alignment=\u00a0\u00bbcenter\u00a0\u00bb custom_padding=\u00a0\u00bb50px||50px|||\u00a0\u00bb][et_pb_row module_id=\u00a0\u00bbpresentation\u00a0\u00bb _builder_version=\u00a0\u00bb3.25&Prime; module_alignment=\u00a0\u00bbcenter\u00a0\u00bb custom_margin=\u00a0\u00bb20px|||\u00a0\u00bb][et_pb_column type=\u00a0\u00bb4_4&Prime; _builder_version=\u00a0\u00bb3.25&Prime; custom_padding=\u00a0\u00bb|||\u00a0\u00bb custom_padding__hover=\u00a0\u00bb|||\u00a0\u00bb][et_pb_post_title meta=\u00a0\u00bboff\u00a0\u00bb featured_image=\u00a0\u00bboff\u00a0\u00bb _builder_version=\u00a0\u00bb3.22.7&Prime; title_font=\u00a0\u00bb||||||||\u00a0\u00bb title_font_size=\u00a0\u00bb3em\u00a0\u00bb custom_margin=\u00a0\u00bb||10px\u00a0\u00bb][\/et_pb_post_title][et_pb_text _builder_version=\u00a0\u00bb4.9.4&Prime; header_font=\u00a0\u00bb||||||||\u00a0\u00bb header_font_size=\u00a0\u00bb3em\u00a0\u00bb width=\u00a0\u00bb46vw\u00a0\u00bb width_tablet=\u00a0\u00bb100%\u00a0\u00bb width_phone=\u00a0\u00bb\u00a0\u00bb width_last_edited=\u00a0\u00bbon|desktop\u00a0\u00bb]<\/p>\n<p style=\"text-align: justify;\">D\u00e9couvrez la tr\u00e9pidante actualit\u00e9 des C\u00f4tes du Couchois et les potins des villages de l\u2019AOC avec ce qui s\u2019y passe, ce qui s\u2019y dit et plus g\u00e9n\u00e9ralement la vie de ceux et celles qui cultivent, produisent, \u00e9l\u00e8vent ou commercialisent nos vins\u2026 sans oublier l\u2019essentiel bien \u00e9videmment, \u00e0 savoir ceux qui les consomment&#8230;<\/p>\n<p>[\/et_pb_text][\/et_pb_column][\/et_pb_row][\/et_pb_section][et_pb_section fb_built=\u00a0\u00bb1&Prime; custom_padding_last_edited=\u00a0\u00bbon|tablet\u00a0\u00bb admin_label=\u00a0\u00bbPackages\u00a0\u00bb _builder_version=\u00a0\u00bb3.22.3&Prime; custom_padding=\u00a0\u00bb0||110px||false|false\u00a0\u00bb custom_padding_tablet=\u00a0\u00bb0px||0px|\u00a0\u00bb custom_padding_phone=\u00a0\u00bb\u00a0\u00bb][et_pb_row custom_padding_last_edited=\u00a0\u00bbon|tablet\u00a0\u00bb module_id=\u00a0\u00bbbig-wrap\u00a0\u00bb _builder_version=\u00a0\u00bb4.9.4&Prime; custom_padding=\u00a0\u00bb0px|0px|0px|0px|false|false\u00a0\u00bb custom_padding_tablet=\u00a0\u00bb0px|0px|0px|0px|false|false\u00a0\u00bb custom_padding_phone=\u00a0\u00bb\u00a0\u00bb][et_pb_column type=\u00a0\u00bb4_4&Prime; _builder_version=\u00a0\u00bb3.25&Prime; custom_padding=\u00a0\u00bb|||\u00a0\u00bb custom_padding__hover=\u00a0\u00bb|||\u00a0\u00bb][et_pb_code _builder_version=\u00a0\u00bb4.9.7&Prime; _module_preset=\u00a0\u00bbdefault\u00a0\u00bb hover_enabled=\u00a0\u00bb0&Prime; custom_css_main_element_last_edited=\u00a0\u00bbon|desktop\u00a0\u00bb sticky_enabled=\u00a0\u00bb0&Prime;][ajax_load_more id=\u00a0\u00bb7770211568&Prime; container_type=\u00a0\u00bbdiv\u00a0\u00bb post_type=\u00a0\u00bbpost\u00a0\u00bb posts_per_page=\u00a0\u00bb10&Prime; post_format=\u00a0\u00bbstandard\u00a0\u00bb category=\u00a0\u00bbpresse\u00a0\u00bb button_label=\u00a0\u00bbCharger Plus&#8230;\u00a0\u00bb button_loading_label=\u00a0\u00bbChargement&#8230;\u00a0\u00bb button_done_label=\u00a0\u00bbFin\u00a0\u00bb]<!-- [et_pb_line_break_holder] --><!-- [et_pb_line_break_holder] --><script><!-- [et_pb_line_break_holder] -->  <!-- [et_pb_line_break_holder] -->    almComplete = function(alm){<!-- [et_pb_line_break_holder] -->      console.log(\"length: \"+document.querySelectorAll(\".alm-item\").length);<!-- [et_pb_line_break_holder] -->      <!-- [et_pb_line_break_holder] -->    \tlet g = document.querySelectorAll(\".alm-reveal\");<!-- [et_pb_line_break_holder] -->      let wrap = document.querySelector(\"#big-wrap\");<!-- [et_pb_line_break_holder] -->      for (let i = 1; i < g.length; i++){<!-- [et_pb_line_break_holder] -->        while (g[i].childElementCount > 0){<!-- [et_pb_line_break_holder] -->          g[0].appendChild(g[i].children[0]);<!-- [et_pb_line_break_holder] -->        }<!-- [et_pb_line_break_holder] -->        g[i].remove();<!-- [et_pb_line_break_holder] -->      }<!-- [et_pb_line_break_holder] -->      let gc = document.querySelectorAll(\".alm-item\");<!-- [et_pb_line_break_holder] -->      let gcLength = gc.length; <!-- [et_pb_line_break_holder] -->      let gHeight = 0;<!-- [et_pb_line_break_holder] -->  <!-- [et_pb_line_break_holder] -->      for(let j=0; j < gcLength; j++) {<!-- [et_pb_line_break_holder] -->          gHeight += gc[j].offsetHeight + parseInt(\"20\");<!-- [et_pb_line_break_holder] -->      }<!-- [et_pb_line_break_holder] -->      <!-- [et_pb_line_break_holder] -->      if(document.documentElement.clientWidth > 1024){<!-- [et_pb_line_break_holder] -->      \tlet sHeight = gHeight\/3 + 320;<!-- [et_pb_line_break_holder] -->      \tg[0].style.height = sHeight + \"px\";<!-- [et_pb_line_break_holder] -->      } else {<!-- [et_pb_line_break_holder] -->        let sHeight = gHeight + 80;<!-- [et_pb_line_break_holder] -->        let ssHeight = gHeight + 420;<!-- [et_pb_line_break_holder] -->      \tg[0].style.height = sHeight + \"px\";<!-- [et_pb_line_break_holder] -->        wrap.style.height = ssHeight + \"px\";<!-- [et_pb_line_break_holder] -->      }<!-- [et_pb_line_break_holder] -->    }<!-- [et_pb_line_break_holder] -->  window.addEventListener(\"resize\", function(event){<!-- [et_pb_line_break_holder] -->      let g = document.querySelectorAll(\".alm-reveal\");<!-- [et_pb_line_break_holder] -->      let wrap = document.querySelector(\"#big-wrap\");<!-- [et_pb_line_break_holder] -->      for (let i = 1; i < g.length; i++){<!-- [et_pb_line_break_holder] -->        while (g[i].childElementCount > 0){<!-- [et_pb_line_break_holder] -->          g[0].appendChild(g[i].children[0]);<!-- [et_pb_line_break_holder] -->        }<!-- [et_pb_line_break_holder] -->        g[i].remove();<!-- [et_pb_line_break_holder] -->      }<!-- [et_pb_line_break_holder] -->      let gc = document.querySelectorAll(\".alm-item\");<!-- [et_pb_line_break_holder] -->      let gcLength = gc.length; <!-- [et_pb_line_break_holder] -->      let gHeight = 0;<!-- [et_pb_line_break_holder] -->  <!-- [et_pb_line_break_holder] -->      for(let j=0; j < gcLength; j++) {<!-- [et_pb_line_break_holder] -->          gHeight += gc[j].offsetHeight + parseInt(\"20\");<!-- [et_pb_line_break_holder] -->      }<!-- [et_pb_line_break_holder] --><!-- [et_pb_line_break_holder] -->      if(document.documentElement.clientWidth > 1024){<!-- [et_pb_line_break_holder] -->      \tlet sHeight = gHeight\/3 + 320;<!-- [et_pb_line_break_holder] -->      \tg[0].style.height = sHeight + \"px\";<!-- [et_pb_line_break_holder] -->      } else {<!-- [et_pb_line_break_holder] -->        let sHeight = gHeight + 80;<!-- [et_pb_line_break_holder] -->        let ssHeight = gHeight + 420;<!-- [et_pb_line_break_holder] -->      \tg[0].style.height = sHeight + \"px\";<!-- [et_pb_line_break_holder] -->        wrap.style.height = ssHeight + \"px\";<!-- [et_pb_line_break_holder] -->      }<!-- [et_pb_line_break_holder] -->    });<!-- [et_pb_line_break_holder] --><\/script>[\/et_pb_code][\/et_pb_column][\/et_pb_row][\/et_pb_section]<\/p>\n","protected":false},"excerpt":{"rendered":"<p>D\u00e9couvrez la tr\u00e9pidante actualit\u00e9 des C\u00f4tes du Couchois et les potins des villages de l\u2019AOC avec ce qui s\u2019y passe, ce qui s\u2019y dit et plus g\u00e9n\u00e9ralement la vie de ceux et celles qui cultivent, produisent, \u00e9l\u00e8vent ou commercialisent nos vins\u2026 sans oublier l\u2019essentiel bien \u00e9videmment, \u00e0 savoir ceux qui les consomment&#8230;[ajax_load_more id=\u00a0\u00bb7770211568&Prime; container_type=\u00a0\u00bbdiv\u00a0\u00bb post_type=\u00a0\u00bbpost\u00a0\u00bb [&hellip;]<\/p>\n","protected":false},"author":1,"featured_media":0,"parent":0,"menu_order":0,"comment_status":"closed","ping_status":"closed","template":"","meta":{"_et_pb_use_builder":"on","_et_pb_old_content":"","_et_gb_content_width":"","footnotes":""},"class_list":["post-1693","page","type-page","status-publish","hentry"],"yoast_head":"<!-- This site is optimized with the Yoast SEO plugin v27.6 - https:\/\/yoast.com\/product\/yoast-seo-wordpress\/ -->\n<title>Presse - C\u00f4tes du Couchois<\/title>\n<meta name=\"robots\" content=\"index, follow, max-snippet:-1, max-image-preview:large, max-video-preview:-1\" \/>\n<link rel=\"canonical\" href=\"https:\/\/www.cotesducouchois.com\/en\/presse\/\" \/>\n<meta property=\"og:locale\" content=\"en_GB\" \/>\n<meta property=\"og:type\" content=\"article\" \/>\n<meta property=\"og:title\" content=\"Presse - C\u00f4tes du Couchois\" \/>\n<meta property=\"og:description\" content=\"D\u00e9couvrez la tr\u00e9pidante actualit\u00e9 des C\u00f4tes du Couchois et les potins des villages de l\u2019AOC avec ce qui s\u2019y passe, ce qui s\u2019y dit et plus g\u00e9n\u00e9ralement la vie de ceux et celles qui cultivent, produisent, \u00e9l\u00e8vent ou commercialisent nos vins\u2026 sans oublier l\u2019essentiel bien \u00e9videmment, \u00e0 savoir ceux qui les consomment...[ajax_load_more id=&quot;7770211568&quot; container_type=&quot;div&quot; post_type=&quot;post&quot; [&hellip;]\" \/>\n<meta property=\"og:url\" content=\"https:\/\/www.cotesducouchois.com\/en\/presse\/\" \/>\n<meta property=\"og:site_name\" content=\"C\u00f4tes du Couchois\" \/>\n<meta property=\"article:modified_time\" content=\"2021-07-13T07:36:50+00:00\" \/>\n<meta name=\"twitter:card\" content=\"summary_large_image\" \/>\n<meta name=\"twitter:label1\" content=\"Estimated reading time\" \/>\n\t<meta name=\"twitter:data1\" content=\"1 minute\" \/>\n<script type=\"application\/ld+json\" class=\"yoast-schema-graph\">{\"@context\":\"https:\\\/\\\/schema.org\",\"@graph\":[{\"@type\":\"WebPage\",\"@id\":\"https:\\\/\\\/www.cotesducouchois.com\\\/presse\\\/\",\"url\":\"https:\\\/\\\/www.cotesducouchois.com\\\/presse\\\/\",\"name\":\"Presse - C\u00f4tes du Couchois\",\"isPartOf\":{\"@id\":\"https:\\\/\\\/www.cotesducouchois.com\\\/#website\"},\"datePublished\":\"2020-12-21T12:26:42+00:00\",\"dateModified\":\"2021-07-13T07:36:50+00:00\",\"breadcrumb\":{\"@id\":\"https:\\\/\\\/www.cotesducouchois.com\\\/presse\\\/#breadcrumb\"},\"inLanguage\":\"en-GB\",\"potentialAction\":[{\"@type\":\"ReadAction\",\"target\":[\"https:\\\/\\\/www.cotesducouchois.com\\\/presse\\\/\"]}]},{\"@type\":\"BreadcrumbList\",\"@id\":\"https:\\\/\\\/www.cotesducouchois.com\\\/presse\\\/#breadcrumb\",\"itemListElement\":[{\"@type\":\"ListItem\",\"position\":1,\"name\":\"Accueil\",\"item\":\"https:\\\/\\\/www.cotesducouchois.com\\\/\"},{\"@type\":\"ListItem\",\"position\":2,\"name\":\"Presse\"}]},{\"@type\":\"WebSite\",\"@id\":\"https:\\\/\\\/www.cotesducouchois.com\\\/#website\",\"url\":\"https:\\\/\\\/www.cotesducouchois.com\\\/\",\"name\":\"C\u00f4tes du Couchois\",\"description\":\"Union des producteurs et n\u00e9gociants de l&#039;AOC C\u00f4tes du Couchois\",\"potentialAction\":[{\"@type\":\"SearchAction\",\"target\":{\"@type\":\"EntryPoint\",\"urlTemplate\":\"https:\\\/\\\/www.cotesducouchois.com\\\/?s={search_term_string}\"},\"query-input\":{\"@type\":\"PropertyValueSpecification\",\"valueRequired\":true,\"valueName\":\"search_term_string\"}}],\"inLanguage\":\"en-GB\"}]}<\/script>\n<!-- \/ Yoast SEO plugin. -->","yoast_head_json":{"title":"Presse - C\u00f4tes du Couchois","robots":{"index":"index","follow":"follow","max-snippet":"max-snippet:-1","max-image-preview":"max-image-preview:large","max-video-preview":"max-video-preview:-1"},"canonical":"https:\/\/www.cotesducouchois.com\/en\/presse\/","og_locale":"en_GB","og_type":"article","og_title":"Presse - C\u00f4tes du Couchois","og_description":"D\u00e9couvrez la tr\u00e9pidante actualit\u00e9 des C\u00f4tes du Couchois et les potins des villages de l\u2019AOC avec ce qui s\u2019y passe, ce qui s\u2019y dit et plus g\u00e9n\u00e9ralement la vie de ceux et celles qui cultivent, produisent, \u00e9l\u00e8vent ou commercialisent nos vins\u2026 sans oublier l\u2019essentiel bien \u00e9videmment, \u00e0 savoir ceux qui les consomment...[ajax_load_more id=\"7770211568\" container_type=\"div\" post_type=\"post\" [&hellip;]","og_url":"https:\/\/www.cotesducouchois.com\/en\/presse\/","og_site_name":"C\u00f4tes du Couchois","article_modified_time":"2021-07-13T07:36:50+00:00","twitter_card":"summary_large_image","twitter_misc":{"Estimated reading time":"1 minute"},"schema":{"@context":"https:\/\/schema.org","@graph":[{"@type":"WebPage","@id":"https:\/\/www.cotesducouchois.com\/presse\/","url":"https:\/\/www.cotesducouchois.com\/presse\/","name":"Presse - C\u00f4tes du Couchois","isPartOf":{"@id":"https:\/\/www.cotesducouchois.com\/#website"},"datePublished":"2020-12-21T12:26:42+00:00","dateModified":"2021-07-13T07:36:50+00:00","breadcrumb":{"@id":"https:\/\/www.cotesducouchois.com\/presse\/#breadcrumb"},"inLanguage":"en-GB","potentialAction":[{"@type":"ReadAction","target":["https:\/\/www.cotesducouchois.com\/presse\/"]}]},{"@type":"BreadcrumbList","@id":"https:\/\/www.cotesducouchois.com\/presse\/#breadcrumb","itemListElement":[{"@type":"ListItem","position":1,"name":"Accueil","item":"https:\/\/www.cotesducouchois.com\/"},{"@type":"ListItem","position":2,"name":"Presse"}]},{"@type":"WebSite","@id":"https:\/\/www.cotesducouchois.com\/#website","url":"https:\/\/www.cotesducouchois.com\/","name":"C\u00f4tes du Couchois","description":"Union des producteurs et n\u00e9gociants de l&#039;AOC C\u00f4tes du Couchois","potentialAction":[{"@type":"SearchAction","target":{"@type":"EntryPoint","urlTemplate":"https:\/\/www.cotesducouchois.com\/?s={search_term_string}"},"query-input":{"@type":"PropertyValueSpecification","valueRequired":true,"valueName":"search_term_string"}}],"inLanguage":"en-GB"}]}},"_links":{"self":[{"href":"https:\/\/www.cotesducouchois.com\/en\/wp-json\/wp\/v2\/pages\/1693","targetHints":{"allow":["GET"]}}],"collection":[{"href":"https:\/\/www.cotesducouchois.com\/en\/wp-json\/wp\/v2\/pages"}],"about":[{"href":"https:\/\/www.cotesducouchois.com\/en\/wp-json\/wp\/v2\/types\/page"}],"author":[{"embeddable":true,"href":"https:\/\/www.cotesducouchois.com\/en\/wp-json\/wp\/v2\/users\/1"}],"replies":[{"embeddable":true,"href":"https:\/\/www.cotesducouchois.com\/en\/wp-json\/wp\/v2\/comments?post=1693"}],"version-history":[{"count":53,"href":"https:\/\/www.cotesducouchois.com\/en\/wp-json\/wp\/v2\/pages\/1693\/revisions"}],"predecessor-version":[{"id":2023,"href":"https:\/\/www.cotesducouchois.com\/en\/wp-json\/wp\/v2\/pages\/1693\/revisions\/2023"}],"wp:attachment":[{"href":"https:\/\/www.cotesducouchois.com\/en\/wp-json\/wp\/v2\/media?parent=1693"}],"curies":[{"name":"wp","href":"https:\/\/api.w.org\/{rel}","templated":true}]}}